{"id":17,"date":"2014-01-24T06:15:45","date_gmt":"2014-01-24T04:15:45","guid":{"rendered":"http:\/\/heimatmuseum-tersteegenhaus.de\/?page_id=17"},"modified":"2021-04-07T00:47:45","modified_gmt":"2021-04-06T22:47:45","slug":"ueber-uns","status":"publish","type":"page","link":"https:\/\/heimatmuseum-tersteegenhaus.de\/?page_id=17","title":{"rendered":"\u00dcber uns"},"content":{"rendered":"<p>Der Freundes- und F\u00f6rderkreis Heimatmuseum Tersteegenhaus M\u00fclheim an der Ruhr e.V. ist mittlerweile im Amtsgericht Duisburg unter der Vereins-Nummer VR 4898 im Vereinsregister eingetragen. Damit sind wir e.V..<\/p>\n<p>Au\u00dferdem hat das Finanzamt M\u00fclheim an der Ruhr unseren Verein \u2013 mit Bescheid vom 21. Juni 2011 &#8211; als gemeinn\u00fctzig anerkannt. Das bedeutet, dass alle Mitglieder und Freunde des Freundes- und F\u00f6rderkreises zuk\u00fcnftig f\u00fcr ihre Spenden (nicht: Mitgliedsbeitrag) eine Spendenbescheinigung erhalten, die sie beim Finanzamt im Rahmen ihrer Steuererkl\u00e4rung geltend machen (k\u00f6nnen).<br \/>\nF\u00fcr Spenden ist die Bankverbindung wichtig:\u00a0 Volksbank Rhein-Ruhr, IBAN:\u00a0 DE41 3506 0386 8196 4300 08 &#8211; BIC: GENODED1VRR<\/p>\n<p>F\u00fcr R\u00fcckfragen stehen die Vorstandsmitglieder des Freundes- und F\u00f6rderkreises Heimatmuseum Tersteegenhaus M\u00fclheim an der Ruhr e.V.\u00a0 gerne zur Verf\u00fcgung.<\/p>\n","protected":false},"excerpt":{"rendered":"<p>Der Freundes- und F\u00f6rderkreis Heimatmuseum Tersteegenhaus M\u00fclheim an der Ruhr e.V. ist mittlerweile im Amtsgericht Duisburg unter der Vereins-Nummer VR 4898 im Vereinsregister eingetragen. Damit sind wir e.V.. Au\u00dferdem hat das Finanzamt M\u00fclheim an der Ruhr unseren Verein \u2013 mit &hellip; <a href=\"https:\/\/heimatmuseum-tersteegenhaus.de\/?page_id=17\">Weiterlesen <span class=\"meta-nav\">&rarr;<\/span><\/a><\/p>\n","protected":false},"author":1,"featured_media":0,"parent":0,"menu_order":0,"comment_status":"closed","ping_status":"closed","template":"","meta":{"footnotes":""},"class_list":["post-17","page","type-page","status-publish","hentry"],"_links":{"self":[{"href":"https:\/\/heimatmuseum-tersteegenhaus.de\/index.php?rest_route=\/wp\/v2\/pages\/17"}],"collection":[{"href":"https:\/\/heimatmuseum-tersteegenhaus.de\/index.php?rest_route=\/wp\/v2\/pages"}],"about":[{"href":"https:\/\/heimatmuseum-tersteegenhaus.de\/index.php?rest_route=\/wp\/v2\/types\/page"}],"author":[{"embeddable":true,"href":"https:\/\/heimatmuseum-tersteegenhaus.de\/index.php?rest_route=\/wp\/v2\/users\/1"}],"replies":[{"embeddable":true,"href":"https:\/\/heimatmuseum-tersteegenhaus.de\/index.php?rest_route=%2Fwp%2Fv2%2Fcomments&post=17"}],"version-history":[{"count":2,"href":"https:\/\/heimatmuseum-tersteegenhaus.de\/index.php?rest_route=\/wp\/v2\/pages\/17\/revisions"}],"predecessor-version":[{"id":750,"href":"https:\/\/heimatmuseum-tersteegenhaus.de\/index.php?rest_route=\/wp\/v2\/pages\/17\/revisions\/750"}],"wp:attachment":[{"href":"https:\/\/heimatmuseum-tersteegenhaus.de\/index.php?rest_route=%2Fwp%2Fv2%2Fmedia&parent=17"}],"curies":[{"name":"wp","href":"https:\/\/api.w.org\/{rel}","templated":true}]}}