{"id":72,"date":"2014-01-27T22:41:27","date_gmt":"2014-01-27T20:41:27","guid":{"rendered":"http:\/\/heimatmuseum-tersteegenhaus.de\/?page_id=72"},"modified":"2021-10-13T21:10:42","modified_gmt":"2021-10-13T19:10:42","slug":"oeffnungszeiten","status":"publish","type":"page","link":"https:\/\/heimatmuseum-tersteegenhaus.de\/?page_id=72","title":{"rendered":"<span style=\"color: #003333;\">\u00d6ffnungszeiten<span style=\"color: #003333;\">"},"content":{"rendered":"<p><a id=\"set-post-thumbnail\" title=\"Beitragsbild festlegen\" href=\"https:\/\/heimatmuseum-tersteegenhaus.de\/wp-admin\/media-upload.php?post_id=72&amp;type=image&amp;TB_iframe=1\"><img loading=\"lazy\" decoding=\"async\" class=\"alignright\" style=\"width: 327px; height: 199px;\" src=\"https:\/\/heimatmuseum-tersteegenhaus.de\/wp-content\/uploads\/2014\/01\/Bild-klein-f\u00fcr-Unterseite-\u00d6ffnungszeiten_1-489x288.jpg\" alt=\"Eingang Heimatmuseum Tersteegenhaus\" width=\"266\" height=\"156\" \/><\/a>Das <span style=\"color: #003333;\"><strong>Heimatmuseum Tersteegenhaus<\/strong> <\/span>M\u00fclheim an der Ruhr ist <b>&#8230;<\/b><\/p>\n<ul>\n<li><span style=\"color: #ff0000;\"><strong>zur Zeit geschlossen. Umfassende Sanierungsma\u00dfnahme dauert an !<\/strong><\/span><\/li>\n<\/ul>\n<p align=\"right\"><sup>(M\u00fclheim an der Ruhr, 28. April 2017)<\/sup><\/p>\n<p style=\"text-align: center;\"><span style=\"color: #800000; text-decoration: underline;\">\u00a0<\/span><\/p>\n","protected":false},"excerpt":{"rendered":"<p>Das Heimatmuseum Tersteegenhaus M\u00fclheim an der Ruhr ist &#8230; zur Zeit geschlossen. Umfassende Sanierungsma\u00dfnahme dauert an ! (M\u00fclheim an der Ruhr, 28. April 2017) \u00a0<\/p>\n","protected":false},"author":1,"featured_media":78,"parent":59,"menu_order":0,"comment_status":"closed","ping_status":"closed","template":"","meta":{"footnotes":""},"class_list":["post-72","page","type-page","status-publish","has-post-thumbnail","hentry"],"_links":{"self":[{"href":"https:\/\/heimatmuseum-tersteegenhaus.de\/index.php?rest_route=\/wp\/v2\/pages\/72"}],"collection":[{"href":"https:\/\/heimatmuseum-tersteegenhaus.de\/index.php?rest_route=\/wp\/v2\/pages"}],"about":[{"href":"https:\/\/heimatmuseum-tersteegenhaus.de\/index.php?rest_route=\/wp\/v2\/types\/page"}],"author":[{"embeddable":true,"href":"https:\/\/heimatmuseum-tersteegenhaus.de\/index.php?rest_route=\/wp\/v2\/users\/1"}],"replies":[{"embeddable":true,"href":"https:\/\/heimatmuseum-tersteegenhaus.de\/index.php?rest_route=%2Fwp%2Fv2%2Fcomments&post=72"}],"version-history":[{"count":25,"href":"https:\/\/heimatmuseum-tersteegenhaus.de\/index.php?rest_route=\/wp\/v2\/pages\/72\/revisions"}],"predecessor-version":[{"id":775,"href":"https:\/\/heimatmuseum-tersteegenhaus.de\/index.php?rest_route=\/wp\/v2\/pages\/72\/revisions\/775"}],"up":[{"embeddable":true,"href":"https:\/\/heimatmuseum-tersteegenhaus.de\/index.php?rest_route=\/wp\/v2\/pages\/59"}],"wp:featuredmedia":[{"embeddable":true,"href":"https:\/\/heimatmuseum-tersteegenhaus.de\/index.php?rest_route=\/wp\/v2\/media\/78"}],"wp:attachment":[{"href":"https:\/\/heimatmuseum-tersteegenhaus.de\/index.php?rest_route=%2Fwp%2Fv2%2Fmedia&parent=72"}],"curies":[{"name":"wp","href":"https:\/\/api.w.org\/{rel}","templated":true}]}}