{"id":83,"date":"2014-01-27T23:36:38","date_gmt":"2014-01-27T21:36:38","guid":{"rendered":"http:\/\/heimatmuseum-tersteegenhaus.de\/?page_id=83"},"modified":"2017-07-25T23:56:57","modified_gmt":"2017-07-25T21:56:57","slug":"mitgliedschaft","status":"publish","type":"page","link":"https:\/\/heimatmuseum-tersteegenhaus.de\/?page_id=83","title":{"rendered":"Mitgliedschaft"},"content":{"rendered":"<p><span style=\"color: #003333;\"><strong>Werden Sie Mitglied!<\/strong><\/span><\/p>\n<p>Zur F\u00f6rderung des Tersteegenhauses und zum Erhalt eines wertvollen Kulturortes in M\u00fclheim an der Ruhr\u00a0brauchen wir auch Ihre Unterst\u00fctzung!<br \/>\nUnsere herzliche Bitte an alle Interessenten und Freunde dieses stadtgeschichtlichen Museums: Werden Sie Mitglied im &#8222;Freundes- und F\u00f6rderkreises Heimatmuseum Tersteegenhaus e.V.&#8220; und helfen Sie uns mit einer Spende!<\/p>\n<ul>\n<li>als <span style=\"color: #003333;\"><strong>nat\u00fcrliche Person<\/strong><\/span> mit einem Jahresbeitrag von\u00a0\u00a0\u00a0 20,00 \u20ac<\/li>\n<li>als <span style=\"color: #003333;\"><strong>juristische Person<\/strong><\/span> mit einem Jahresbeitrag von 100,00 \u20ac<\/li>\n<\/ul>\n<p><span style=\"text-decoration: underline;\">HINWEIS:<\/span><br \/>\nDer Verein ist beim Amtsgericht Duisburg (VR 4898) eingetragen und vom Finanzamt M\u00fclheim an der Ruhr unter der Steuernummer 120\/5704\/1489 als gemeinn\u00fctzig anerkannt worden. Bankverbindung: <em>Volksbank Rhein-Ruhr<\/em><\/p>\n<ul>\n<li>IBAN: DE41 3506 0386 8196 4300 08<\/li>\n<li>BIC: GENODED1VRR<\/li>\n<\/ul>\n<p>\u25ac\u00a0\u25ac\u00a0\u25ac\u00a0\u25ac\u00a0\u25ac\u00a0\u25ac\u00a0\u25ac\u00a0\u25ac\u00a0\u25ac\u00a0\u25ac\u00a0\u25ac\u00a0\u25ac\u00a0\u25ac\u00a0\u25ac\u00a0\u25ac\u00a0\u25ac\u00a0\u25ac\u00a0\u25ac\u00a0\u25ac\u00a0\u25ac\u00a0\u25ac\u00a0\u25ac\u00a0\u25ac\u00a0\u25ac\u00a0\u25ac\u00a0\u25ac\u00a0\u25ac\u00a0\u25ac\u00a0\u25ac\u00a0\u25ac<\/p>\n<h5><span style=\"text-decoration: underline;\"><strong><span style=\"color: #003333; text-decoration: underline;\">BEITRITTSERKL\u00c4RUNG \/ EINZUGSERM\u00c4CHTIGUNG:<\/span><\/strong><br \/>\n<\/span>(Bitte ausdrucken, ankreuzen\u00a0und unterschrieben an die Vereinsadresse <em>Teinerstra\u00dfe 1, 45468 M\u00fclheim an der Ruhr\u00a0<\/em>senden, Danke!)<\/h5>\n<h5><span style=\"color: #ffffff;\">|<\/span><\/h5>\n<p>\u25fb Ich m\u00f6chte Mitglied werden im Freundes- und F\u00f6rderkreis Heimatmuseum Tersteegenhaus e.V.<\/p>\n<p style=\"padding-left: 30px;\">\u25fb als nat\u00fcrliche Person\u00a0\u00a0\u00a0(Jahresbeitrag 20,00 \u20ac)<br \/>\n\u25fb als juristische Person (Jahresbeitrag 100,00 \u20ac)<\/p>\n<p>EINZUGSERM\u00c4CHTIGUNG<\/p>\n<p>Ich erm\u00e4chtige den &#8222;Freundes- und F\u00f6rderkreis Heimatmuseum Tersteegenhaus e.V.&#8220; bis auf Widerruf j\u00e4hrlich den Beitrag in H\u00f6he von &#8230;&#8230;&#8230;&#8230;&#8230;&#8230;&#8230;&#8230;&#8230;&#8230; zu Lasten meines Girokontos einzuziehen.<\/p>\n<p style=\"text-align: left;\">Name,\u00a0\u00a0Vorname:<br \/>\n\u203e\u203e\u203e\u203e\u203e\u203e\u203e\u203e\u203e\u203e\u203e\u203e\u203e\u203e\u203e\u203e\u203e\u203e\u203e\u203e\u203e\u203e\u203e\u203e\u203e\u203e\u203e\u203e\u203e\u203e\u203e\u203e\u203e\u203e\u203e\u203e\u203e\u203e\u203e\u203e\u203e\u203e\u203e\u203e\u203e\u203e\u203e\u203e\u203e\u203e\u203e\u203e\u203e\u203e\u203e\u203e\u203e\u203e\u203e\u203e\u203e\u203e\u203e\u203e\u203e\u203e\u203e\u203e\u203e\u203e\u203e\u203e\u203e\u203e\u203e\u203e\u203e\u203e\u203e\u203e\u203e\u203e\u203e\u203e\u203e\u203e\u203e\u203e\u203e\u203e\u203e\u203e\u203e\u203e\u203e\u203e\u203e\u203e\u203e\u203e\u203e\u203e\u203e\u203e\u203e\u203e\u203e\u203e\u203e\u203e\u203e\u203e\u203e\u203e<br \/>\nKontodaten:<\/p>\n<p>(IBAN)<br \/>\n\u203e\u203e\u203e\u203e\u203e\u203e\u203e\u203e\u203e\u203e\u203e\u203e\u203e\u203e\u203e\u203e\u203e\u203e\u203e\u203e\u203e\u203e\u203e\u203e\u203e\u203e\u203e\u203e\u203e\u203e\u203e\u203e\u203e\u203e\u203e\u203e\u203e\u203e\u203e\u203e\u203e\u203e\u203e\u203e\u203e\u203e\u203e\u203e\u203e\u203e\u203e\u203e\u203e\u203e\u203e\u203e\u203e\u203e\u203e\u203e\u203e\u203e\u203e\u203e\u203e\u203e\u203e\u203e\u203e\u203e\u203e\u203e\u203e\u203e\u203e\u203e\u203e\u203e\u203e\u203e\u203e\u203e\u203e\u203e\u203e\u203e\u203e\u203e\u203e\u203e\u203e\u203e\u203e\u203e\u203e\u203e\u203e\u203e\u203e\u203e\u203e\u203e\u203e\u203e\u203e\u203e\u203e\u203e\u203e\u203e\u203e\u203e\u203e\u203e<\/p>\n<p>(BIC)<br \/>\n\u203e\u203e\u203e\u203e\u203e\u203e\u203e\u203e\u203e\u203e\u203e\u203e\u203e\u203e\u203e\u203e\u203e\u203e\u203e\u203e\u203e\u203e\u203e\u203e\u203e\u203e\u203e\u203e\u203e\u203e\u203e\u203e\u203e\u203e\u203e\u203e\u203e\u203e\u203e\u203e\u203e\u203e\u203e\u203e\u203e\u203e\u203e\u203e\u203e\u203e\u203e\u203e\u203e\u203e\u203e\u203e\u203e\u203e\u203e\u203e\u203e\u203e\u203e\u203e\u203e\u203e\u203e\u203e\u203e\u203e\u203e\u203e\u203e\u203e\u203e\u203e\u203e\u203e\u203e\u203e\u203e\u203e\u203e\u203e\u203e\u203e\u203e\u203e\u203e\u203e\u203e\u203e\u203e\u203e\u203e\u203e\u203e\u203e\u203e\u203e\u203e\u203e\u203e\u203e\u203e\u203e\u203e\u203e\u203e\u203e\u203e\u203e\u203e\u203e<\/p>\n<p style=\"text-align: left;\">Ort, \u00a0Datum:<br \/>\n\u203e\u203e\u203e\u203e\u203e\u203e\u203e\u203e\u203e\u203e\u203e\u203e\u203e\u203e\u203e\u203e\u203e\u203e\u203e\u203e\u203e\u203e\u203e\u203e\u203e\u203e\u203e\u203e\u203e\u203e\u203e\u203e\u203e\u203e\u203e\u203e\u203e\u203e\u203e\u203e\u203e\u203e\u203e\u203e\u203e\u203e\u203e\u203e\u203e\u203e\u203e\u203e\u203e\u203e\u203e\u203e\u203e\u203e\u203e\u203e\u203e\u203e\u203e\u203e\u203e\u203e\u203e\u203e\u203e\u203e\u203e\u203e\u203e\u203e\u203e\u203e\u203e\u203e\u203e\u203e\u203e\u203e\u203e\u203e\u203e\u203e\u203e\u203e\u203e\u203e\u203e\u203e\u203e\u203e\u203e\u203e\u203e\u203e\u203e\u203e\u203e\u203e\u203e\u203e\u203e\u203e\u203e\u203e\u203e\u203e\u203e\u203e\u203e\u203e<\/p>\n<p style=\"text-align: left;\">Unterschrift:<br \/>\n\u203e\u203e\u203e\u203e\u203e\u203e\u203e\u203e\u203e\u203e\u203e\u203e\u203e\u203e\u203e\u203e\u203e\u203e\u203e\u203e\u203e\u203e\u203e\u203e\u203e\u203e\u203e\u203e\u203e\u203e\u203e\u203e\u203e\u203e\u203e\u203e\u203e\u203e\u203e\u203e\u203e\u203e\u203e\u203e\u203e\u203e\u203e\u203e\u203e\u203e\u203e\u203e\u203e\u203e\u203e\u203e\u203e\u203e\u203e\u203e\u203e\u203e\u203e\u203e\u203e\u203e\u203e\u203e\u203e\u203e\u203e\u203e\u203e\u203e\u203e\u203e\u203e\u203e\u203e\u203e\u203e\u203e\u203e\u203e\u203e\u203e\u203e\u203e\u203e\u203e\u203e\u203e\u203e\u203e\u203e\u203e\u203e\u203e\u203e\u203e\u203e\u203e\u203e\u203e\u203e\u203e\u203e\u203e\u203e\u203e\u203e\u203e\u203e\u203e<\/p>\n<p>&nbsp;<\/p>\n","protected":false},"excerpt":{"rendered":"<p>Werden Sie Mitglied! Zur F\u00f6rderung des Tersteegenhauses und zum Erhalt eines wertvollen Kulturortes in M\u00fclheim an der Ruhr\u00a0brauchen wir auch Ihre Unterst\u00fctzung! Unsere herzliche Bitte an alle Interessenten und Freunde dieses stadtgeschichtlichen Museums: Werden Sie Mitglied im &#8222;Freundes- und F\u00f6rderkreises &hellip; <a href=\"https:\/\/heimatmuseum-tersteegenhaus.de\/?page_id=83\">Weiterlesen <span class=\"meta-nav\">&rarr;<\/span><\/a><\/p>\n","protected":false},"author":1,"featured_media":0,"parent":0,"menu_order":3,"comment_status":"closed","ping_status":"closed","template":"","meta":{"footnotes":""},"class_list":["post-83","page","type-page","status-publish","hentry"],"_links":{"self":[{"href":"https:\/\/heimatmuseum-tersteegenhaus.de\/index.php?rest_route=\/wp\/v2\/pages\/83"}],"collection":[{"href":"https:\/\/heimatmuseum-tersteegenhaus.de\/index.php?rest_route=\/wp\/v2\/pages"}],"about":[{"href":"https:\/\/heimatmuseum-tersteegenhaus.de\/index.php?rest_route=\/wp\/v2\/types\/page"}],"author":[{"embeddable":true,"href":"https:\/\/heimatmuseum-tersteegenhaus.de\/index.php?rest_route=\/wp\/v2\/users\/1"}],"replies":[{"embeddable":true,"href":"https:\/\/heimatmuseum-tersteegenhaus.de\/index.php?rest_route=%2Fwp%2Fv2%2Fcomments&post=83"}],"version-history":[{"count":22,"href":"https:\/\/heimatmuseum-tersteegenhaus.de\/index.php?rest_route=\/wp\/v2\/pages\/83\/revisions"}],"predecessor-version":[{"id":508,"href":"https:\/\/heimatmuseum-tersteegenhaus.de\/index.php?rest_route=\/wp\/v2\/pages\/83\/revisions\/508"}],"wp:attachment":[{"href":"https:\/\/heimatmuseum-tersteegenhaus.de\/index.php?rest_route=%2Fwp%2Fv2%2Fmedia&parent=83"}],"curies":[{"name":"wp","href":"https:\/\/api.w.org\/{rel}","templated":true}]}}